{"id":109876,"date":"2025-07-03T10:56:09","date_gmt":"2025-07-03T08:56:09","guid":{"rendered":"https:\/\/geosurveys.it\/?page_id=109876"},"modified":"2026-02-27T10:26:23","modified_gmt":"2026-02-27T09:26:23","slug":"activites-d-inspection","status":"publish","type":"page","link":"https:\/\/geosurveys.it\/fr\/activites-d-inspection\/","title":{"rendered":"Activit\u00e9s d\u2019inspection"},"content":{"rendered":"<div class=\"wpb-content-wrapper\"><p>[vc_row row_height_percent=\u00a0\u00bb100&Prime; back_color=\u00a0\u00bbcolor-jevc\u00a0\u00bb back_image=\u00a0\u00bb108988&Prime; kburns=\u00a0\u00bbyes\u00a0\u00bb overlay_color=\u00a0\u00bbcolor-jevc\u00a0\u00bb overlay_alpha=\u00a0\u00bb20&Prime; gutter_size=\u00a0\u00bb4&Prime; column_width_percent=\u00a0\u00bb100&Prime; shift_y=\u00a0\u00bb0&Prime; z_index=\u00a0\u00bb0&Prime; content_parallax=\u00a0\u00bb0&Prime; uncode_shortcode_id=\u00a0\u00bb285083&Prime; overlay_color_type=\u00a0\u00bbuncode-palette\u00a0\u00bb back_color_type=\u00a0\u00bbuncode-palette\u00a0\u00bb][vc_column column_width_percent=\u00a0\u00bb100&Prime; position_horizontal=\u00a0\u00bbleft\u00a0\u00bb position_vertical=\u00a0\u00bbmiddle\u00a0\u00bb gutter_size=\u00a0\u00bb3&Prime; style=\u00a0\u00bbdark\u00a0\u00bb overlay_alpha=\u00a0\u00bb50&Prime; shift_x=\u00a0\u00bb0&Prime; shift_y=\u00a0\u00bb0&Prime; shift_y_down=\u00a0\u00bb0&Prime; z_index=\u00a0\u00bb0&Prime; medium_width=\u00a0\u00bb0&Prime; mobile_width=\u00a0\u00bb0&Prime; width=\u00a0\u00bb1\/1&Prime; uncode_shortcode_id=\u00a0\u00bb704479&Prime;][vc_row_inner][vc_column_inner column_width_percent=\u00a0\u00bb100&Prime; gutter_size=\u00a0\u00bb3&Prime; style=\u00a0\u00bbdark\u00a0\u00bb overlay_alpha=\u00a0\u00bb50&Prime; shift_x=\u00a0\u00bb0&Prime; shift_y=\u00a0\u00bb0&Prime; shift_y_down=\u00a0\u00bb0&Prime; z_index=\u00a0\u00bb0&Prime; medium_width=\u00a0\u00bb0&Prime; mobile_width=\u00a0\u00bb0&Prime; width=\u00a0\u00bb1\/1&Prime; uncode_shortcode_id=\u00a0\u00bb103021&Prime;][vc_custom_heading heading_semantic=\u00a0\u00bbp\u00a0\u00bb text_size=\u00a0\u00bb\u00a0\u00bb text_weight=\u00a0\u00bb700&Prime; uncode_shortcode_id=\u00a0\u00bb146991&Prime;]INSPECTIONS ET SURVEILLANCE[\/vc_custom_heading][vc_custom_heading heading_semantic=\u00a0\u00bbh1&Prime; text_font=\u00a0\u00bbfont-377884&Prime; text_size=\u00a0\u00bbh1&Prime; text_weight=\u00a0\u00bb500&Prime; css_animation=\u00a0\u00bbcurtain-words\u00a0\u00bb uncode_shortcode_id=\u00a0\u00bb101386&Prime;]Activit\u00e9s d\u2019inspection[\/vc_custom_heading][\/vc_column_inner][\/vc_row_inner][\/vc_column][\/vc_row][vc_row unlock_row_content=\u00a0\u00bbyes\u00a0\u00bb row_height_percent=\u00a0\u00bb0&Prime; override_padding=\u00a0\u00bbyes\u00a0\u00bb h_padding=\u00a0\u00bb2&Prime; top_padding=\u00a0\u00bb3&Prime; bottom_padding=\u00a0\u00bb3&Prime; overlay_alpha=\u00a0\u00bb50&Prime; gutter_size=\u00a0\u00bb3&Prime; column_width_percent=\u00a0\u00bb100&Prime; shift_y=\u00a0\u00bb0&Prime; z_index=\u00a0\u00bb0&Prime; content_parallax=\u00a0\u00bb0&Prime; uncode_shortcode_id=\u00a0\u00bb104139&Prime;][vc_column column_width_percent=\u00a0\u00bb100&Prime; gutter_size=\u00a0\u00bb3&Prime; overlay_alpha=\u00a0\u00bb50&Prime; shift_x=\u00a0\u00bb0&Prime; shift_y=\u00a0\u00bb0&Prime; shift_y_down=\u00a0\u00bb0&Prime; z_index=\u00a0\u00bb0&Prime; medium_width=\u00a0\u00bb0&Prime; mobile_width=\u00a0\u00bb0&Prime; width=\u00a0\u00bb1\/1&Prime; uncode_shortcode_id=\u00a0\u00bb149024&Prime;][vc_row_inner row_inner_height_percent=\u00a0\u00bb0&Prime; overlay_alpha=\u00a0\u00bb50&Prime; gutter_size=\u00a0\u00bb3&Prime; shift_y=\u00a0\u00bb0&Prime; z_index=\u00a0\u00bb0&Prime; uncode_shortcode_id=\u00a0\u00bb104431&Prime;][vc_column_inner column_width_percent=\u00a0\u00bb100&Prime; gutter_size=\u00a0\u00bb3&Prime; overlay_alpha=\u00a0\u00bb50&Prime; shift_x=\u00a0\u00bb-2&Prime; shift_y=\u00a0\u00bb0&Prime; shift_y_down=\u00a0\u00bb0&Prime; z_index=\u00a0\u00bb0&Prime; medium_width=\u00a0\u00bb0&Prime; mobile_width=\u00a0\u00bb0&Prime; width=\u00a0\u00bb7\/12&Prime; uncode_shortcode_id=\u00a0\u00bb127737&Prime;][vc_single_image media=\u00a0\u00bb108991&Prime; media_width_percent=\u00a0\u00bb100&Prime; uncode_shortcode_id=\u00a0\u00bb112861&Prime;][\/vc_column_inner][vc_column_inner column_width_percent=\u00a0\u00bb100&Prime; position_vertical=\u00a0\u00bbmiddle\u00a0\u00bb gutter_size=\u00a0\u00bb2&Prime; overlay_alpha=\u00a0\u00bb50&Prime; shift_x=\u00a0\u00bb0&Prime; shift_y=\u00a0\u00bb0&Prime; shift_y_down=\u00a0\u00bb0&Prime; z_index=\u00a0\u00bb0&Prime; medium_width=\u00a0\u00bb0&Prime; mobile_width=\u00a0\u00bb0&Prime; css_animation=\u00a0\u00bbbottom-t-top\u00a0\u00bb animation_delay=\u00a0\u00bb300&Prime; width=\u00a0\u00bb5\/12&Prime; uncode_shortcode_id=\u00a0\u00bb218625&Prime; css=\u00a0\u00bb.vc_custom_1748424728366{padding-right: 30px !important;}\u00a0\u00bb][vc_custom_heading heading_semantic=\u00a0\u00bbh3&Prime; text_size=\u00a0\u00bbh3&Prime; uncode_shortcode_id=\u00a0\u00bb458838&Prime;]Nous sommes une entreprise sp\u00e9cialis\u00e9e dans l\u2019inspection et le diagnostic des infrastructures strat\u00e9giques telles que ponts, viaducs et tunnels, tant routiers que ferroviaires.[\/vc_custom_heading][vc_empty_space empty_h=\u00a0\u00bb1&Prime;][vc_column_text uncode_shortcode_id=\u00a0\u00bb114300&Prime;]Nous offrons un service technique complet et non invasif, visant \u00e0 \u00e9valuer l\u2019\u00e9tat de conservation, pr\u00e9venir les risques structurels et planifier les interventions de maintenance.<br \/>\nNous utilisons une large gamme de techniques et d\u2019instruments d\u2019investigation pour analyser en profondeur les conditions structurelles des ouvrages, m\u00eame dans des zones difficilement accessibles. Nos activit\u00e9s incluent l\u2019inspection visuelle directe et indirecte, int\u00e9gr\u00e9e \u00e0 des m\u00e9thodologies diagnostiques non destructives, permettant de d\u00e9tecter avec pr\u00e9cision d\u2019\u00e9ventuelles anomalies.<br \/>\nNous op\u00e9rons dans le strict respect des normes en vigueur et avec un personnel hautement qualifi\u00e9, garantissant rapidit\u00e9, s\u00e9curit\u00e9 et pr\u00e9cision m\u00eame dans des contextes op\u00e9rationnels complexes. Nos investigations soutiennent les administrations publiques, gestionnaires d\u2019infrastructures et concepteurs dans la gestion efficace des ouvrages.[\/vc_column_text][vc_empty_space empty_h=\u00a0\u00bb3&Prime; desktop_visibility=\u00a0\u00bbyes\u00a0\u00bb mobile_visibility=\u00a0\u00bbyes\u00a0\u00bb][vc_empty_space empty_h=\u00a0\u00bb2&Prime; desktop_visibility=\u00a0\u00bbyes\u00a0\u00bb medium_visibility=\u00a0\u00bbyes\u00a0\u00bb][\/vc_column_inner][\/vc_row_inner][\/vc_column][\/vc_row][vc_row][vc_column width=\u00a0\u00bb1\/1&Prime;][uncode_block id=\u00a0\u00bb108222&Prime;][\/vc_column][\/vc_row]<\/p>\n<\/div>","protected":false},"excerpt":{"rendered":"<p>[vc_row row_height_percent=\u00a0\u00bb100&Prime; back_color=\u00a0\u00bbcolor-jevc\u00a0\u00bb back_image=\u00a0\u00bb108988&Prime; kburns=\u00a0\u00bbyes\u00a0\u00bb overlay_color=\u00a0\u00bbcolor-jevc\u00a0\u00bb overlay_alpha=\u00a0\u00bb20&Prime; gutter_size=\u00a0\u00bb4&Prime; column_width_percent=\u00a0\u00bb100&Prime; shift_y=\u00a0\u00bb0&Prime; z_index=\u00a0\u00bb0&Prime; content_parallax=\u00a0\u00bb0&Prime; uncode_shortcode_id=\u00a0\u00bb285083&Prime; overlay_color_type=\u00a0\u00bbuncode-palette\u00a0\u00bb back_color_type=\u00a0\u00bbuncode-palette\u00a0\u00bb][vc_column column_width_percent=\u00a0\u00bb100&Prime; position_horizontal=\u00a0\u00bbleft\u00a0\u00bb position_vertical=\u00a0\u00bbmiddle\u00a0\u00bb gutter_size=\u00a0\u00bb3&Prime; style=\u00a0\u00bbdark\u00a0\u00bb [&hellip;]<\/p>\n","protected":false},"author":2,"featured_media":108996,"parent":0,"menu_order":0,"comment_status":"closed","ping_status":"closed","template":"","meta":{"inline_featured_image":false,"footnotes":""},"class_list":["post-109876","page","type-page","status-publish","has-post-thumbnail","hentry","page_category-ispezioni-e-monitoraggi-fr"],"_links":{"self":[{"href":"https:\/\/geosurveys.it\/fr\/wp-json\/wp\/v2\/pages\/109876","targetHints":{"allow":["GET"]}}],"collection":[{"href":"https:\/\/geosurveys.it\/fr\/wp-json\/wp\/v2\/pages"}],"about":[{"href":"https:\/\/geosurveys.it\/fr\/wp-json\/wp\/v2\/types\/page"}],"author":[{"embeddable":true,"href":"https:\/\/geosurveys.it\/fr\/wp-json\/wp\/v2\/users\/2"}],"replies":[{"embeddable":true,"href":"https:\/\/geosurveys.it\/fr\/wp-json\/wp\/v2\/comments?post=109876"}],"version-history":[{"count":5,"href":"https:\/\/geosurveys.it\/fr\/wp-json\/wp\/v2\/pages\/109876\/revisions"}],"predecessor-version":[{"id":110008,"href":"https:\/\/geosurveys.it\/fr\/wp-json\/wp\/v2\/pages\/109876\/revisions\/110008"}],"wp:featuredmedia":[{"embeddable":true,"href":"https:\/\/geosurveys.it\/fr\/wp-json\/wp\/v2\/media\/108996"}],"wp:attachment":[{"href":"https:\/\/geosurveys.it\/fr\/wp-json\/wp\/v2\/media?parent=109876"}],"curies":[{"name":"wp","href":"https:\/\/api.w.org\/{rel}","templated":true}]}}