{"id":109865,"date":"2025-07-14T12:06:21","date_gmt":"2025-07-14T10:06:21","guid":{"rendered":"https:\/\/geosurveys.it\/?page_id=109865"},"modified":"2026-02-27T10:25:26","modified_gmt":"2026-02-27T09:25:26","slug":"surveillance-structurelle","status":"publish","type":"page","link":"https:\/\/geosurveys.it\/fr\/surveillance-structurelle\/","title":{"rendered":"Surveillance structurelle"},"content":{"rendered":"<div class=\"wpb-content-wrapper\"><p>[vc_row row_height_percent=\u00a0\u00bb100&Prime; back_color=\u00a0\u00bbcolor-jevc\u00a0\u00bb back_image=\u00a0\u00bb109071&Prime; kburns=\u00a0\u00bbyes\u00a0\u00bb overlay_color=\u00a0\u00bbcolor-jevc\u00a0\u00bb overlay_alpha=\u00a0\u00bb20&Prime; gutter_size=\u00a0\u00bb4&Prime; column_width_percent=\u00a0\u00bb100&Prime; shift_y=\u00a0\u00bb0&Prime; z_index=\u00a0\u00bb0&Prime; content_parallax=\u00a0\u00bb0&Prime; uncode_shortcode_id=\u00a0\u00bb348631&Prime; overlay_color_type=\u00a0\u00bbuncode-palette\u00a0\u00bb back_color_type=\u00a0\u00bbuncode-palette\u00a0\u00bb][vc_column column_width_percent=\u00a0\u00bb100&Prime; position_horizontal=\u00a0\u00bbleft\u00a0\u00bb position_vertical=\u00a0\u00bbmiddle\u00a0\u00bb gutter_size=\u00a0\u00bb3&Prime; style=\u00a0\u00bbdark\u00a0\u00bb overlay_alpha=\u00a0\u00bb50&Prime; shift_x=\u00a0\u00bb0&Prime; shift_y=\u00a0\u00bb0&Prime; shift_y_down=\u00a0\u00bb0&Prime; z_index=\u00a0\u00bb0&Prime; medium_width=\u00a0\u00bb0&Prime; mobile_width=\u00a0\u00bb0&Prime; width=\u00a0\u00bb1\/1&Prime; uncode_shortcode_id=\u00a0\u00bb704479&Prime;][vc_row_inner][vc_column_inner column_width_percent=\u00a0\u00bb100&Prime; gutter_size=\u00a0\u00bb3&Prime; style=\u00a0\u00bbdark\u00a0\u00bb overlay_alpha=\u00a0\u00bb50&Prime; shift_x=\u00a0\u00bb0&Prime; shift_y=\u00a0\u00bb0&Prime; shift_y_down=\u00a0\u00bb0&Prime; z_index=\u00a0\u00bb0&Prime; medium_width=\u00a0\u00bb0&Prime; mobile_width=\u00a0\u00bb0&Prime; width=\u00a0\u00bb1\/1&Prime; uncode_shortcode_id=\u00a0\u00bb103021&Prime;][vc_custom_heading heading_semantic=\u00a0\u00bbp\u00a0\u00bb text_size=\u00a0\u00bb\u00a0\u00bb text_weight=\u00a0\u00bb700&Prime; uncode_shortcode_id=\u00a0\u00bb243883&Prime;]INSPECTIONS ET SURVEILLANCE[\/vc_custom_heading][vc_custom_heading heading_semantic=\u00a0\u00bbh1&Prime; text_font=\u00a0\u00bbfont-377884&Prime; text_size=\u00a0\u00bbh1&Prime; text_weight=\u00a0\u00bb500&Prime; css_animation=\u00a0\u00bbcurtain-words\u00a0\u00bb uncode_shortcode_id=\u00a0\u00bb475399&Prime;]Surveillance structurelle[\/vc_custom_heading][\/vc_column_inner][\/vc_row_inner][\/vc_column][\/vc_row][vc_row unlock_row_content=\u00a0\u00bbyes\u00a0\u00bb row_height_percent=\u00a0\u00bb0&Prime; override_padding=\u00a0\u00bbyes\u00a0\u00bb h_padding=\u00a0\u00bb2&Prime; top_padding=\u00a0\u00bb3&Prime; bottom_padding=\u00a0\u00bb3&Prime; overlay_alpha=\u00a0\u00bb50&Prime; gutter_size=\u00a0\u00bb3&Prime; column_width_percent=\u00a0\u00bb100&Prime; shift_y=\u00a0\u00bb0&Prime; z_index=\u00a0\u00bb0&Prime; content_parallax=\u00a0\u00bb0&Prime; uncode_shortcode_id=\u00a0\u00bb767166&Prime;][vc_column column_width_percent=\u00a0\u00bb100&Prime; gutter_size=\u00a0\u00bb3&Prime; overlay_alpha=\u00a0\u00bb50&Prime; shift_x=\u00a0\u00bb0&Prime; shift_y=\u00a0\u00bb0&Prime; shift_y_down=\u00a0\u00bb0&Prime; z_index=\u00a0\u00bb0&Prime; medium_width=\u00a0\u00bb0&Prime; mobile_width=\u00a0\u00bb0&Prime; width=\u00a0\u00bb1\/1&Prime; uncode_shortcode_id=\u00a0\u00bb149024&Prime;][vc_row_inner row_inner_height_percent=\u00a0\u00bb0&Prime; overlay_alpha=\u00a0\u00bb50&Prime; gutter_size=\u00a0\u00bb3&Prime; shift_y=\u00a0\u00bb0&Prime; z_index=\u00a0\u00bb0&Prime; uncode_shortcode_id=\u00a0\u00bb104431&Prime;][vc_column_inner column_width_percent=\u00a0\u00bb100&Prime; gutter_size=\u00a0\u00bb3&Prime; overlay_alpha=\u00a0\u00bb50&Prime; shift_x=\u00a0\u00bb-2&Prime; shift_y=\u00a0\u00bb0&Prime; shift_y_down=\u00a0\u00bb0&Prime; z_index=\u00a0\u00bb0&Prime; medium_width=\u00a0\u00bb0&Prime; mobile_width=\u00a0\u00bb0&Prime; width=\u00a0\u00bb7\/12&Prime; uncode_shortcode_id=\u00a0\u00bb127737&Prime;][vc_single_image media=\u00a0\u00bb109369&Prime; media_width_percent=\u00a0\u00bb80&Prime; uncode_shortcode_id=\u00a0\u00bb405522&Prime;][\/vc_column_inner][vc_column_inner column_width_percent=\u00a0\u00bb100&Prime; position_vertical=\u00a0\u00bbmiddle\u00a0\u00bb gutter_size=\u00a0\u00bb2&Prime; overlay_alpha=\u00a0\u00bb50&Prime; shift_x=\u00a0\u00bb0&Prime; shift_y=\u00a0\u00bb0&Prime; shift_y_down=\u00a0\u00bb0&Prime; z_index=\u00a0\u00bb0&Prime; medium_width=\u00a0\u00bb0&Prime; mobile_width=\u00a0\u00bb0&Prime; css_animation=\u00a0\u00bbbottom-t-top\u00a0\u00bb animation_delay=\u00a0\u00bb300&Prime; width=\u00a0\u00bb5\/12&Prime; uncode_shortcode_id=\u00a0\u00bb218625&Prime; css=\u00a0\u00bb.vc_custom_1748424728366{padding-right: 30px !important;}\u00a0\u00bb][vc_custom_heading heading_semantic=\u00a0\u00bbh3&Prime; text_size=\u00a0\u00bbh3&Prime; uncode_shortcode_id=\u00a0\u00bb328764&Prime;]Nous sommes une entreprise sp\u00e9cialis\u00e9e dans la surveillance structurelle des ouvrages civils, des infrastructures et des sites sensibles.[\/vc_custom_heading][vc_empty_space empty_h=\u00a0\u00bb1&Prime;][vc_column_text uncode_shortcode_id=\u00a0\u00bb521275&Prime;]Nous proposons des solutions avanc\u00e9es pour le contr\u00f4le continu et l\u2019analyse des conditions structurelles des ponts, tunnels, b\u00e2timents, pentes, barrages et infrastructures strat\u00e9giques, tant en milieu urbain qu\u2019extra-urbain. Notre service repose sur des syst\u00e8mes de surveillance haute technologie, con\u00e7us pour collecter des donn\u00e9es en temps r\u00e9el et soutenir des d\u00e9cisions rapides en mati\u00e8re de s\u00e9curit\u00e9, de maintenance et de gestion des risques. Nous utilisons une large gamme de capteurs et d\u2019instruments, notamment inclinom\u00e8tres, extensom\u00e8tres, cellules de charge, fissurim\u00e8tres, acc\u00e9l\u00e9rom\u00e8tres, syst\u00e8mes GPS\/GNSS et technologies \u00e0 fibre optique. Ces solutions nous permettent de d\u00e9tecter avec pr\u00e9cision les mouvements, d\u00e9formations, affaissements et autres signaux critiques, m\u00eame dans des zones difficilement accessibles ou soumises \u00e0 de fortes sollicitations environnementales.[\/vc_column_text][vc_column_text uncode_shortcode_id=\u00a0\u00bb329496&Prime;]Chaque projet est con\u00e7u sur mesure, avec une \u00e9valuation attentive des besoins sp\u00e9cifiques du site et de l\u2019ouvrage. Nous op\u00e9rons dans le respect des normes en vigueur, avec un personnel technique hautement qualifi\u00e9 et avec pour objectif de garantir fiabilit\u00e9, continuit\u00e9 et s\u00e9curit\u00e9 de la surveillance, m\u00eame dans des conditions op\u00e9rationnelles complexes. Nos services accompagnent les administrations publiques, gestionnaires d\u2019infrastructures, concepteurs et entreprises dans la surveillance des ouvrages, la pr\u00e9vention des ph\u00e9nom\u00e8nes de d\u00e9faillance et la planification d\u2019interventions cibl\u00e9es, contribuant \u00e0 une gestion plus efficace et durable du territoire et du patrimoine infrastructurel.[\/vc_column_text][vc_empty_space empty_h=\u00a0\u00bb3&Prime; desktop_visibility=\u00a0\u00bbyes\u00a0\u00bb mobile_visibility=\u00a0\u00bbyes\u00a0\u00bb][vc_empty_space empty_h=\u00a0\u00bb2&Prime; desktop_visibility=\u00a0\u00bbyes\u00a0\u00bb medium_visibility=\u00a0\u00bbyes\u00a0\u00bb][\/vc_column_inner][\/vc_row_inner][\/vc_column][\/vc_row][vc_row][vc_column width=\u00a0\u00bb1\/1&Prime;][uncode_block id=\u00a0\u00bb108222&Prime;][\/vc_column][\/vc_row]<\/p>\n<\/div>","protected":false},"excerpt":{"rendered":"<p>[vc_row row_height_percent=\u00a0\u00bb100&Prime; back_color=\u00a0\u00bbcolor-jevc\u00a0\u00bb back_image=\u00a0\u00bb109071&Prime; kburns=\u00a0\u00bbyes\u00a0\u00bb overlay_color=\u00a0\u00bbcolor-jevc\u00a0\u00bb overlay_alpha=\u00a0\u00bb20&Prime; gutter_size=\u00a0\u00bb4&Prime; column_width_percent=\u00a0\u00bb100&Prime; shift_y=\u00a0\u00bb0&Prime; z_index=\u00a0\u00bb0&Prime; content_parallax=\u00a0\u00bb0&Prime; uncode_shortcode_id=\u00a0\u00bb348631&Prime; overlay_color_type=\u00a0\u00bbuncode-palette\u00a0\u00bb back_color_type=\u00a0\u00bbuncode-palette\u00a0\u00bb][vc_column column_width_percent=\u00a0\u00bb100&Prime; position_horizontal=\u00a0\u00bbleft\u00a0\u00bb position_vertical=\u00a0\u00bbmiddle\u00a0\u00bb gutter_size=\u00a0\u00bb3&Prime; style=\u00a0\u00bbdark\u00a0\u00bb [&hellip;]<\/p>\n","protected":false},"author":2,"featured_media":109079,"parent":0,"menu_order":0,"comment_status":"closed","ping_status":"closed","template":"","meta":{"inline_featured_image":false,"footnotes":""},"class_list":["post-109865","page","type-page","status-publish","has-post-thumbnail","hentry","page_category-ispezioni-e-monitoraggi-fr"],"_links":{"self":[{"href":"https:\/\/geosurveys.it\/fr\/wp-json\/wp\/v2\/pages\/109865","targetHints":{"allow":["GET"]}}],"collection":[{"href":"https:\/\/geosurveys.it\/fr\/wp-json\/wp\/v2\/pages"}],"about":[{"href":"https:\/\/geosurveys.it\/fr\/wp-json\/wp\/v2\/types\/page"}],"author":[{"embeddable":true,"href":"https:\/\/geosurveys.it\/fr\/wp-json\/wp\/v2\/users\/2"}],"replies":[{"embeddable":true,"href":"https:\/\/geosurveys.it\/fr\/wp-json\/wp\/v2\/comments?post=109865"}],"version-history":[{"count":5,"href":"https:\/\/geosurveys.it\/fr\/wp-json\/wp\/v2\/pages\/109865\/revisions"}],"predecessor-version":[{"id":110006,"href":"https:\/\/geosurveys.it\/fr\/wp-json\/wp\/v2\/pages\/109865\/revisions\/110006"}],"wp:featuredmedia":[{"embeddable":true,"href":"https:\/\/geosurveys.it\/fr\/wp-json\/wp\/v2\/media\/109079"}],"wp:attachment":[{"href":"https:\/\/geosurveys.it\/fr\/wp-json\/wp\/v2\/media?parent=109865"}],"curies":[{"name":"wp","href":"https:\/\/api.w.org\/{rel}","templated":true}]}}