{"id":109840,"date":"2025-07-03T10:54:29","date_gmt":"2025-07-03T08:54:29","guid":{"rendered":"https:\/\/geosurveys.it\/?page_id=109840"},"modified":"2026-02-26T10:20:46","modified_gmt":"2026-02-26T09:20:46","slug":"frequency-domain-electromagnetic-method-fdem","status":"publish","type":"page","link":"https:\/\/geosurveys.it\/fr\/frequency-domain-electromagnetic-method-fdem\/","title":{"rendered":"Frequency-domain Electromagnetic method (FDEM)"},"content":{"rendered":"<div class=\"wpb-content-wrapper\"><p>[vc_row row_height_percent=\u00a0\u00bb100&Prime; back_color=\u00a0\u00bbcolor-jevc\u00a0\u00bb back_image=\u00a0\u00bb108879&Prime; kburns=\u00a0\u00bbyes\u00a0\u00bb overlay_color=\u00a0\u00bbcolor-jevc\u00a0\u00bb overlay_alpha=\u00a0\u00bb20&Prime; gutter_size=\u00a0\u00bb4&Prime; column_width_percent=\u00a0\u00bb100&Prime; shift_y=\u00a0\u00bb0&Prime; z_index=\u00a0\u00bb0&Prime; content_parallax=\u00a0\u00bb0&Prime; uncode_shortcode_id=\u00a0\u00bb190352&Prime; overlay_color_type=\u00a0\u00bbuncode-palette\u00a0\u00bb back_color_type=\u00a0\u00bbuncode-palette\u00a0\u00bb][vc_column column_width_percent=\u00a0\u00bb100&Prime; position_horizontal=\u00a0\u00bbleft\u00a0\u00bb position_vertical=\u00a0\u00bbmiddle\u00a0\u00bb gutter_size=\u00a0\u00bb3&Prime; style=\u00a0\u00bbdark\u00a0\u00bb overlay_alpha=\u00a0\u00bb50&Prime; shift_x=\u00a0\u00bb0&Prime; shift_y=\u00a0\u00bb0&Prime; shift_y_down=\u00a0\u00bb0&Prime; z_index=\u00a0\u00bb0&Prime; medium_width=\u00a0\u00bb0&Prime; mobile_width=\u00a0\u00bb0&Prime; width=\u00a0\u00bb1\/1&Prime; uncode_shortcode_id=\u00a0\u00bb704479&Prime;][vc_row_inner][vc_column_inner column_width_percent=\u00a0\u00bb100&Prime; gutter_size=\u00a0\u00bb3&Prime; style=\u00a0\u00bbdark\u00a0\u00bb overlay_alpha=\u00a0\u00bb50&Prime; shift_x=\u00a0\u00bb0&Prime; shift_y=\u00a0\u00bb0&Prime; shift_y_down=\u00a0\u00bb0&Prime; z_index=\u00a0\u00bb0&Prime; medium_width=\u00a0\u00bb0&Prime; mobile_width=\u00a0\u00bb0&Prime; width=\u00a0\u00bb1\/1&Prime; uncode_shortcode_id=\u00a0\u00bb103021&Prime;][vc_custom_heading heading_semantic=\u00a0\u00bbp\u00a0\u00bb text_size=\u00a0\u00bb\u00a0\u00bb text_weight=\u00a0\u00bb700&Prime; uncode_shortcode_id=\u00a0\u00bb200749&Prime;]M\u00c9THODES \u00c9LECTROMAGN\u00c9TIQUES[\/vc_custom_heading][vc_custom_heading heading_semantic=\u00a0\u00bbh1&Prime; text_font=\u00a0\u00bbfont-377884&Prime; text_size=\u00a0\u00bbh1&Prime; text_weight=\u00a0\u00bb500&Prime; css_animation=\u00a0\u00bbcurtain-words\u00a0\u00bb uncode_shortcode_id=\u00a0\u00bb119003&Prime;]Frequency-domain Electromagnetic method (FDEM)[\/vc_custom_heading][\/vc_column_inner][\/vc_row_inner][\/vc_column][\/vc_row][vc_row unlock_row_content=\u00a0\u00bbyes\u00a0\u00bb row_height_percent=\u00a0\u00bb0&Prime; override_padding=\u00a0\u00bbyes\u00a0\u00bb h_padding=\u00a0\u00bb2&Prime; top_padding=\u00a0\u00bb3&Prime; bottom_padding=\u00a0\u00bb0&Prime; overlay_alpha=\u00a0\u00bb50&Prime; gutter_size=\u00a0\u00bb3&Prime; column_width_percent=\u00a0\u00bb100&Prime; shift_y=\u00a0\u00bb0&Prime; z_index=\u00a0\u00bb0&Prime; content_parallax=\u00a0\u00bb0&Prime; uncode_shortcode_id=\u00a0\u00bb204319&Prime;][vc_column column_width_percent=\u00a0\u00bb100&Prime; gutter_size=\u00a0\u00bb3&Prime; overlay_alpha=\u00a0\u00bb50&Prime; shift_x=\u00a0\u00bb0&Prime; shift_y=\u00a0\u00bb0&Prime; shift_y_down=\u00a0\u00bb0&Prime; z_index=\u00a0\u00bb0&Prime; medium_width=\u00a0\u00bb0&Prime; mobile_width=\u00a0\u00bb0&Prime; width=\u00a0\u00bb1\/1&Prime; uncode_shortcode_id=\u00a0\u00bb149024&Prime;][vc_row_inner row_inner_height_percent=\u00a0\u00bb0&Prime; overlay_alpha=\u00a0\u00bb50&Prime; gutter_size=\u00a0\u00bb3&Prime; shift_y=\u00a0\u00bb0&Prime; z_index=\u00a0\u00bb0&Prime; uncode_shortcode_id=\u00a0\u00bb104431&Prime;][vc_column_inner column_width_percent=\u00a0\u00bb100&Prime; gutter_size=\u00a0\u00bb3&Prime; overlay_alpha=\u00a0\u00bb50&Prime; shift_x=\u00a0\u00bb-2&Prime; shift_y=\u00a0\u00bb0&Prime; shift_y_down=\u00a0\u00bb0&Prime; z_index=\u00a0\u00bb0&Prime; medium_width=\u00a0\u00bb0&Prime; mobile_width=\u00a0\u00bb0&Prime; width=\u00a0\u00bb7\/12&Prime; uncode_shortcode_id=\u00a0\u00bb127737&Prime;][vc_single_image media=\u00a0\u00bb108882&Prime; media_width_percent=\u00a0\u00bb100&Prime; uncode_shortcode_id=\u00a0\u00bb131981&Prime;][\/vc_column_inner][vc_column_inner column_width_percent=\u00a0\u00bb100&Prime; position_vertical=\u00a0\u00bbmiddle\u00a0\u00bb gutter_size=\u00a0\u00bb2&Prime; overlay_alpha=\u00a0\u00bb50&Prime; shift_x=\u00a0\u00bb0&Prime; shift_y=\u00a0\u00bb0&Prime; shift_y_down=\u00a0\u00bb0&Prime; z_index=\u00a0\u00bb0&Prime; medium_width=\u00a0\u00bb0&Prime; mobile_width=\u00a0\u00bb0&Prime; css_animation=\u00a0\u00bbbottom-t-top\u00a0\u00bb animation_delay=\u00a0\u00bb300&Prime; width=\u00a0\u00bb5\/12&Prime; uncode_shortcode_id=\u00a0\u00bb218625&Prime; css=\u00a0\u00bb.vc_custom_1748424728366{padding-right: 30px !important;}\u00a0\u00bb][vc_custom_heading heading_semantic=\u00a0\u00bbh3&Prime; text_size=\u00a0\u00bbh3&Prime; uncode_shortcode_id=\u00a0\u00bb209634&Prime;]La m\u00e9thode FDEM (Frequency Domain Electromagnetic) est une technique g\u00e9ophysique non invasive permettant d\u2019analyser les propri\u00e9t\u00e9s \u00e9lectriques et magn\u00e9tiques du sous-sol par induction \u00e9lectromagn\u00e9tique.[\/vc_custom_heading][vc_empty_space empty_h=\u00a0\u00bb1&Prime;][vc_column_text uncode_shortcode_id=\u00a0\u00bb535606&Prime;]Le syst\u00e8me se compose de deux bobines : une bobine \u00e9mettrice (Tx), qui g\u00e9n\u00e8re un champ \u00e9lectromagn\u00e9tique alternatif \u00e0 fr\u00e9quence connue, et une bobine r\u00e9ceptrice (Rx), qui mesure la r\u00e9ponse du terrain.<br \/>\nLorsque le champ primaire traverse le sol, il induit des courants \u00e9lectriques dans les mat\u00e9riaux conducteurs. Ces courants g\u00e9n\u00e8rent \u00e0 leur tour un champ secondaire, dont l\u2019intensit\u00e9 d\u00e9pend de la conductivit\u00e9 \u00e9lectrique du milieu.[\/vc_column_text][vc_column_text uncode_shortcode_id=\u00a0\u00bb151819&Prime;]La m\u00e9thode permet de mesurer deux composantes :<\/p>\n<ul>\n<li>La composante en quadrature, utilis\u00e9e pour calculer la conductivit\u00e9 \u00e9lectrique apparente ;<\/li>\n<li>La composante en phase, sensible \u00e0 la susceptibilit\u00e9 magn\u00e9tique et \u00e0 la pr\u00e9sence de mat\u00e9riaux m\u00e9talliques.<\/li>\n<\/ul>\n<p>FDEM est une technique rapide, adapt\u00e9e \u00e0 la cartographie d\u00e9taill\u00e9e de grandes portions de territoire.[\/vc_column_text][vc_empty_space empty_h=\u00a0\u00bb3&Prime; desktop_visibility=\u00a0\u00bbyes\u00a0\u00bb mobile_visibility=\u00a0\u00bbyes\u00a0\u00bb][vc_empty_space empty_h=\u00a0\u00bb2&Prime; desktop_visibility=\u00a0\u00bbyes\u00a0\u00bb medium_visibility=\u00a0\u00bbyes\u00a0\u00bb][\/vc_column_inner][\/vc_row_inner][\/vc_column][\/vc_row][vc_row unlock_row_content=\u00a0\u00bbyes\u00a0\u00bb row_height_percent=\u00a0\u00bb0&Prime; override_padding=\u00a0\u00bbyes\u00a0\u00bb h_padding=\u00a0\u00bb2&Prime; top_padding=\u00a0\u00bb0&Prime; bottom_padding=\u00a0\u00bb3&Prime; overlay_alpha=\u00a0\u00bb50&Prime; gutter_size=\u00a0\u00bb3&Prime; column_width_percent=\u00a0\u00bb100&Prime; shift_y=\u00a0\u00bb0&Prime; z_index=\u00a0\u00bb0&Prime; content_parallax=\u00a0\u00bb0&Prime; uncode_shortcode_id=\u00a0\u00bb141228&Prime;][vc_column column_width_percent=\u00a0\u00bb100&Prime; gutter_size=\u00a0\u00bb0&Prime; overlay_alpha=\u00a0\u00bb50&Prime; shift_x=\u00a0\u00bb1&Prime; shift_y=\u00a0\u00bb-5&Prime; shift_y_down=\u00a0\u00bb0&Prime; z_index=\u00a0\u00bb3&Prime; medium_width=\u00a0\u00bb0&Prime; mobile_width=\u00a0\u00bb0&Prime; css_animation=\u00a0\u00bbleft-t-right\u00a0\u00bb animation_speed=\u00a0\u00bb1100&Prime; animation_delay=\u00a0\u00bb600&Prime; width=\u00a0\u00bb1\/1&Prime; uncode_shortcode_id=\u00a0\u00bb656733&Prime;][vc_row_inner row_inner_height_percent=\u00a0\u00bb0&Prime; overlay_alpha=\u00a0\u00bb50&Prime; equal_height=\u00a0\u00bbyes\u00a0\u00bb gutter_size=\u00a0\u00bb0&Prime; shift_y=\u00a0\u00bb0&Prime; z_index=\u00a0\u00bb0&Prime; medium_visibility=\u00a0\u00bbyes\u00a0\u00bb mobile_visibility=\u00a0\u00bbyes\u00a0\u00bb uncode_shortcode_id=\u00a0\u00bb353294&Prime;][vc_column_inner column_width_percent=\u00a0\u00bb100&Prime; position_vertical=\u00a0\u00bbbottom\u00a0\u00bb gutter_size=\u00a0\u00bb2&Prime; style=\u00a0\u00bbdark\u00a0\u00bb back_color=\u00a0\u00bbcolor-172302&Prime; overlay_alpha=\u00a0\u00bb50&Prime; shift_x=\u00a0\u00bb0&Prime; shift_y=\u00a0\u00bb0&Prime; shift_y_down=\u00a0\u00bb0&Prime; z_index=\u00a0\u00bb0&Prime; medium_width=\u00a0\u00bb0&Prime; mobile_width=\u00a0\u00bb0&Prime; width=\u00a0\u00bb3\/12&Prime; uncode_shortcode_id=\u00a0\u00bb712395&Prime; back_color_type=\u00a0\u00bbuncode-palette\u00a0\u00bb][vc_custom_heading heading_semantic=\u00a0\u00bbh4&Prime; text_size=\u00a0\u00bbh4&Prime; text_transform=\u00a0\u00bbuppercase\u00a0\u00bb uncode_shortcode_id=\u00a0\u00bb105073&Prime;]Domaines d\u2019application :\u2028[\/vc_custom_heading][vc_empty_space empty_h=\u00a0\u00bb1&Prime;][vc_separator sep_color=\u00a0\u00bbaccent\u00a0\u00bb uncode_shortcode_id=\u00a0\u00bb170617&Prime; sep_color_type=\u00a0\u00bbuncode-palette\u00a0\u00bb][vc_custom_heading heading_semantic=\u00a0\u00bbp\u00a0\u00bb text_size=\u00a0\u00bb\u00a0\u00bb uncode_shortcode_id=\u00a0\u00bb676342&Prime;]Recherche arch\u00e9ologique\u2028[\/vc_custom_heading][vc_separator sep_color=\u00a0\u00bbaccent\u00a0\u00bb uncode_shortcode_id=\u00a0\u00bb170617&Prime; sep_color_type=\u00a0\u00bbuncode-palette\u00a0\u00bb][vc_custom_heading heading_semantic=\u00a0\u00bbp\u00a0\u00bb text_size=\u00a0\u00bb\u00a0\u00bb uncode_shortcode_id=\u00a0\u00bb150939&Prime;]Cartographie des contaminants[\/vc_custom_heading][vc_separator sep_color=\u00a0\u00bbaccent\u00a0\u00bb uncode_shortcode_id=\u00a0\u00bb170617&Prime; sep_color_type=\u00a0\u00bbuncode-palette\u00a0\u00bb][\/vc_column_inner][vc_column_inner column_width_percent=\u00a0\u00bb100&Prime; position_vertical=\u00a0\u00bbbottom\u00a0\u00bb gutter_size=\u00a0\u00bb2&Prime; style=\u00a0\u00bbdark\u00a0\u00bb back_color=\u00a0\u00bbcolor-172302&Prime; overlay_alpha=\u00a0\u00bb50&Prime; shift_x=\u00a0\u00bb0&Prime; shift_y=\u00a0\u00bb0&Prime; shift_y_down=\u00a0\u00bb0&Prime; z_index=\u00a0\u00bb0&Prime; medium_width=\u00a0\u00bb0&Prime; mobile_width=\u00a0\u00bb0&Prime; width=\u00a0\u00bb3\/12&Prime; uncode_shortcode_id=\u00a0\u00bb594545&Prime; back_color_type=\u00a0\u00bbuncode-palette\u00a0\u00bb][vc_separator sep_color=\u00a0\u00bbaccent\u00a0\u00bb medium_visibility=\u00a0\u00bbyes\u00a0\u00bb mobile_visibility=\u00a0\u00bbyes\u00a0\u00bb uncode_shortcode_id=\u00a0\u00bb472050&Prime; sep_color_type=\u00a0\u00bbuncode-palette\u00a0\u00bb][vc_custom_heading heading_semantic=\u00a0\u00bbp\u00a0\u00bb text_size=\u00a0\u00bb\u00a0\u00bb uncode_shortcode_id=\u00a0\u00bb174897&Prime;]Recherche hydrog\u00e9ologique[\/vc_custom_heading][vc_separator sep_color=\u00a0\u00bbaccent\u00a0\u00bb uncode_shortcode_id=\u00a0\u00bb170617&Prime; sep_color_type=\u00a0\u00bbuncode-palette\u00a0\u00bb][vc_custom_heading heading_semantic=\u00a0\u00bbp\u00a0\u00bb text_size=\u00a0\u00bb\u00a0\u00bb uncode_shortcode_id=\u00a0\u00bb411104&Prime;]D\u00e9tection d\u2019objets m\u00e9talliques[\/vc_custom_heading][vc_separator sep_color=\u00a0\u00bbaccent\u00a0\u00bb uncode_shortcode_id=\u00a0\u00bb170617&Prime; sep_color_type=\u00a0\u00bbuncode-palette\u00a0\u00bb][\/vc_column_inner][vc_column_inner column_width_percent=\u00a0\u00bb100&Prime; gutter_size=\u00a0\u00bb3&Prime; overlay_alpha=\u00a0\u00bb50&Prime; shift_x=\u00a0\u00bb0&Prime; shift_y=\u00a0\u00bb0&Prime; shift_y_down=\u00a0\u00bb0&Prime; z_index=\u00a0\u00bb0&Prime; medium_visibility=\u00a0\u00bbyes\u00a0\u00bb medium_width=\u00a0\u00bb0&Prime; mobile_visibility=\u00a0\u00bbyes\u00a0\u00bb mobile_width=\u00a0\u00bb0&Prime; width=\u00a0\u00bb6\/12&Prime; uncode_shortcode_id=\u00a0\u00bb116090&Prime;][\/vc_column_inner][\/vc_row_inner][vc_row_inner row_inner_height_percent=\u00a0\u00bb0&Prime; overlay_alpha=\u00a0\u00bb50&Prime; equal_height=\u00a0\u00bbyes\u00a0\u00bb gutter_size=\u00a0\u00bb0&Prime; shift_y=\u00a0\u00bb0&Prime; z_index=\u00a0\u00bb0&Prime; desktop_visibility=\u00a0\u00bbyes\u00a0\u00bb uncode_shortcode_id=\u00a0\u00bb204730&Prime;][vc_column_inner column_width_percent=\u00a0\u00bb100&Prime; position_vertical=\u00a0\u00bbbottom\u00a0\u00bb gutter_size=\u00a0\u00bb2&Prime; style=\u00a0\u00bbdark\u00a0\u00bb back_color=\u00a0\u00bbcolor-172302&Prime; overlay_alpha=\u00a0\u00bb50&Prime; shift_x=\u00a0\u00bb0&Prime; shift_y=\u00a0\u00bb0&Prime; shift_y_down=\u00a0\u00bb0&Prime; z_index=\u00a0\u00bb0&Prime; medium_width=\u00a0\u00bb0&Prime; mobile_width=\u00a0\u00bb0&Prime; width=\u00a0\u00bb1\/1&Prime; uncode_shortcode_id=\u00a0\u00bb172332&Prime; back_color_type=\u00a0\u00bbuncode-palette\u00a0\u00bb][vc_custom_heading heading_semantic=\u00a0\u00bbh4&Prime; text_size=\u00a0\u00bbh4&Prime; text_transform=\u00a0\u00bbuppercase\u00a0\u00bb uncode_shortcode_id=\u00a0\u00bb659377&Prime;]Domaines d\u2019application :\u2028[\/vc_custom_heading][vc_empty_space empty_h=\u00a0\u00bb1&Prime;][vc_separator sep_color=\u00a0\u00bbaccent\u00a0\u00bb uncode_shortcode_id=\u00a0\u00bb170617&Prime; sep_color_type=\u00a0\u00bbuncode-palette\u00a0\u00bb][vc_custom_heading heading_semantic=\u00a0\u00bbp\u00a0\u00bb text_size=\u00a0\u00bb\u00a0\u00bb uncode_shortcode_id=\u00a0\u00bb919781&Prime;]Recherche arch\u00e9ologique\u2028[\/vc_custom_heading][vc_separator sep_color=\u00a0\u00bbaccent\u00a0\u00bb uncode_shortcode_id=\u00a0\u00bb170617&Prime; sep_color_type=\u00a0\u00bbuncode-palette\u00a0\u00bb][vc_custom_heading heading_semantic=\u00a0\u00bbp\u00a0\u00bb text_size=\u00a0\u00bb\u00a0\u00bb uncode_shortcode_id=\u00a0\u00bb499007&Prime;]Cartographie des contaminants[\/vc_custom_heading][vc_separator sep_color=\u00a0\u00bbaccent\u00a0\u00bb uncode_shortcode_id=\u00a0\u00bb170617&Prime; sep_color_type=\u00a0\u00bbuncode-palette\u00a0\u00bb][vc_custom_heading heading_semantic=\u00a0\u00bbp\u00a0\u00bb text_size=\u00a0\u00bb\u00a0\u00bb uncode_shortcode_id=\u00a0\u00bb138212&Prime;]Recherche hydrog\u00e9ologique[\/vc_custom_heading][vc_separator sep_color=\u00a0\u00bbaccent\u00a0\u00bb uncode_shortcode_id=\u00a0\u00bb170617&Prime; sep_color_type=\u00a0\u00bbuncode-palette\u00a0\u00bb][vc_custom_heading heading_semantic=\u00a0\u00bbp\u00a0\u00bb text_size=\u00a0\u00bb\u00a0\u00bb uncode_shortcode_id=\u00a0\u00bb730997&Prime;]D\u00e9tection d\u2019objets m\u00e9talliques[\/vc_custom_heading][vc_separator sep_color=\u00a0\u00bbaccent\u00a0\u00bb uncode_shortcode_id=\u00a0\u00bb170617&Prime; sep_color_type=\u00a0\u00bbuncode-palette\u00a0\u00bb][\/vc_column_inner][\/vc_row_inner][\/vc_column][\/vc_row][vc_row][vc_column width=\u00a0\u00bb1\/1&Prime;][uncode_block id=\u00a0\u00bb108212&Prime;][\/vc_column][\/vc_row]<\/p>\n<\/div>","protected":false},"excerpt":{"rendered":"<p>[vc_row row_height_percent=\u00a0\u00bb100&Prime; back_color=\u00a0\u00bbcolor-jevc\u00a0\u00bb back_image=\u00a0\u00bb108879&Prime; kburns=\u00a0\u00bbyes\u00a0\u00bb overlay_color=\u00a0\u00bbcolor-jevc\u00a0\u00bb overlay_alpha=\u00a0\u00bb20&Prime; gutter_size=\u00a0\u00bb4&Prime; column_width_percent=\u00a0\u00bb100&Prime; shift_y=\u00a0\u00bb0&Prime; z_index=\u00a0\u00bb0&Prime; content_parallax=\u00a0\u00bb0&Prime; uncode_shortcode_id=\u00a0\u00bb190352&Prime; overlay_color_type=\u00a0\u00bbuncode-palette\u00a0\u00bb back_color_type=\u00a0\u00bbuncode-palette\u00a0\u00bb][vc_column column_width_percent=\u00a0\u00bb100&Prime; position_horizontal=\u00a0\u00bbleft\u00a0\u00bb position_vertical=\u00a0\u00bbmiddle\u00a0\u00bb gutter_size=\u00a0\u00bb3&Prime; style=\u00a0\u00bbdark\u00a0\u00bb [&hellip;]<\/p>\n","protected":false},"author":2,"featured_media":108878,"parent":0,"menu_order":0,"comment_status":"closed","ping_status":"closed","template":"","meta":{"inline_featured_image":false,"footnotes":""},"class_list":["post-109840","page","type-page","status-publish","has-post-thumbnail","hentry","page_category-metodi-elettromagnetici-fr"],"_links":{"self":[{"href":"https:\/\/geosurveys.it\/fr\/wp-json\/wp\/v2\/pages\/109840","targetHints":{"allow":["GET"]}}],"collection":[{"href":"https:\/\/geosurveys.it\/fr\/wp-json\/wp\/v2\/pages"}],"about":[{"href":"https:\/\/geosurveys.it\/fr\/wp-json\/wp\/v2\/types\/page"}],"author":[{"embeddable":true,"href":"https:\/\/geosurveys.it\/fr\/wp-json\/wp\/v2\/users\/2"}],"replies":[{"embeddable":true,"href":"https:\/\/geosurveys.it\/fr\/wp-json\/wp\/v2\/comments?post=109840"}],"version-history":[{"count":4,"href":"https:\/\/geosurveys.it\/fr\/wp-json\/wp\/v2\/pages\/109840\/revisions"}],"predecessor-version":[{"id":109844,"href":"https:\/\/geosurveys.it\/fr\/wp-json\/wp\/v2\/pages\/109840\/revisions\/109844"}],"wp:featuredmedia":[{"embeddable":true,"href":"https:\/\/geosurveys.it\/fr\/wp-json\/wp\/v2\/media\/108878"}],"wp:attachment":[{"href":"https:\/\/geosurveys.it\/fr\/wp-json\/wp\/v2\/media?parent=109840"}],"curies":[{"name":"wp","href":"https:\/\/api.w.org\/{rel}","templated":true}]}}